{"id":82964,"date":"2020-06-09T14:54:26","date_gmt":"2020-06-09T14:54:26","guid":{"rendered":"http:\/\/cepudohonduras.org\/?page_id=82964"},"modified":"2025-11-25T18:08:49","modified_gmt":"2025-11-25T18:08:49","slug":"quienes-somos-2","status":"publish","type":"page","link":"http:\/\/cepudohonduras.org\/index.php\/quienes-somos-2\/","title":{"rendered":"Quienes Somos"},"content":{"rendered":"[vc_row type=\u00bbfull_width_background\u00bb full_screen_row_position=\u00bbmiddle\u00bb column_margin=\u00bbdefault\u00bb column_direction=\u00bbdefault\u00bb column_direction_tablet=\u00bbdefault\u00bb column_direction_phone=\u00bbdefault\u00bb bg_color=\u00bb#ffffff\u00bb scene_position=\u00bbcenter\u00bb top_padding=\u00bb1%\u00bb bottom_padding=\u00bb3%\u00bb text_color=\u00bblight\u00bb text_align=\u00bbleft\u00bb row_border_radius=\u00bbnone\u00bb row_border_radius_applies=\u00bbbg\u00bb id=\u00bbhome\u00bb overlay_strength=\u00bb1&#8243; gradient_direction=\u00bbleft_to_right\u00bb enable_shape_divider=\u00bbtrue\u00bb shape_divider_color=\u00bb#fcfdff\u00bb shape_divider_position=\u00bbbottom\u00bb bg_image_animation=\u00bbnone\u00bb parallax_bg=\u00bbtrue\u00bb parallax_bg_speed=\u00bbfast\u00bb shape_type=\u00bbcurve_asym\u00bb][vc_column column_padding=\u00bbpadding-7-percent\u00bb column_padding_tablet=\u00bbinherit\u00bb column_padding_phone=\u00bbinherit\u00bb column_padding_position=\u00bbleft-right\u00bb background_color_opacity=\u00bb1&#8243; background_hover_color_opacity=\u00bb1&#8243; column_shadow=\u00bbnone\u00bb column_border_radius=\u00bbnone\u00bb column_link_target=\u00bb_self\u00bb color_overlay_2=\u00bb#aaf582&#8243; gradient_direction=\u00bbleft_t_to_right_b\u00bb overlay_strength=\u00bb1&#8243; width=\u00bb1\/1&#8243; tablet_width_inherit=\u00bbdefault\u00bb tablet_text_alignment=\u00bbdefault\u00bb phone_text_alignment=\u00bbdefault\u00bb column_border_width=\u00bbnone\u00bb column_border_style=\u00bbsolid\u00bb bg_image_animation=\u00bbzoom-out-reveal\u00bb][vc_row_inner column_margin=\u00bbnone\u00bb column_direction=\u00bbdefault\u00bb column_direction_tablet=\u00bbdefault\u00bb column_direction_phone=\u00bbdefault\u00bb top_padding=\u00bb1%\u00bb bottom_padding=\u00bb4%\u00bb text_align=\u00bbleft\u00bb][vc_column_inner column_padding=\u00bbno-extra-padding\u00bb column_padding_tablet=\u00bbinherit\u00bb column_padding_phone=\u00bbinherit\u00bb column_padding_position=\u00bball\u00bb background_color_opacity=\u00bb1&#8243; background_hover_color_opacity=\u00bb1&#8243; column_shadow=\u00bbnone\u00bb column_border_radius=\u00bbnone\u00bb column_link_target=\u00bb_self\u00bb gradient_direction=\u00bbleft_to_right\u00bb overlay_strength=\u00bb0.3&#8243; width=\u00bb1\/1&#8243; tablet_width_inherit=\u00bbdefault\u00bb column_border_width=\u00bbnone\u00bb column_border_style=\u00bbsolid\u00bb bg_image_animation=\u00bbnone\u00bb][nectar_highlighted_text color_type=\u00bbregular\u00bb highlight_color=\u00bb#ed4a3b\u00bb text_color=\u00bb#0f0f0f\u00bb style=\u00bbregular_underline\u00bb underline_thickness=\u00bbdefault\u00bb]\n<h2 style=\"text-align: center;\"><em>Conoce Nuestra Historia<\/em><\/h2>\n[\/nectar_highlighted_text][\/vc_column_inner][\/vc_row_inner][\/vc_column][\/vc_row][vc_row type=\u00bbfull_width_background\u00bb full_screen_row_position=\u00bbmiddle\u00bb column_margin=\u00bbdefault\u00bb column_direction=\u00bbdefault\u00bb column_direction_tablet=\u00bbdefault\u00bb column_direction_phone=\u00bbdefault\u00bb bg_color=\u00bb#fcfdff\u00bb scene_position=\u00bbcenter\u00bb top_padding=\u00bb5%\u00bb bottom_padding=\u00bb5%\u00bb text_color=\u00bbdark\u00bb text_align=\u00bbleft\u00bb row_border_radius=\u00bbnone\u00bb row_border_radius_applies=\u00bbbg\u00bb overlay_strength=\u00bb1&#8243; gradient_direction=\u00bbleft_to_right\u00bb shape_divider_color=\u00bb#ec5b3b\u00bb shape_divider_position=\u00bbbottom\u00bb bg_image_animation=\u00bbnone\u00bb parallax_bg=\u00bbtrue\u00bb parallax_bg_speed=\u00bbfast\u00bb shape_type=\u00bbcurve_asym_2&#8243;][vc_column column_padding=\u00bbno-extra-padding\u00bb column_padding_tablet=\u00bbinherit\u00bb column_padding_phone=\u00bbinherit\u00bb column_padding_position=\u00bball\u00bb background_color_opacity=\u00bb1&#8243; background_hover_color_opacity=\u00bb1&#8243; column_shadow=\u00bbnone\u00bb column_border_radius=\u00bbnone\u00bb column_link_target=\u00bb_self\u00bb gradient_direction=\u00bbleft_to_right\u00bb overlay_strength=\u00bb0.3&#8243; width=\u00bb1\/1&#8243; tablet_width_inherit=\u00bbdefault\u00bb tablet_text_alignment=\u00bbdefault\u00bb phone_text_alignment=\u00bbdefault\u00bb column_border_width=\u00bbnone\u00bb column_border_style=\u00bbsolid\u00bb bg_image_animation=\u00bbnone\u00bb][vc_row_inner equal_height=\u00bbyes\u00bb content_placement=\u00bbmiddle\u00bb column_margin=\u00bbdefault\u00bb column_direction=\u00bbdefault\u00bb column_direction_tablet=\u00bbdefault\u00bb column_direction_phone=\u00bbdefault\u00bb text_align=\u00bbleft\u00bb][vc_column_inner column_padding=\u00bbno-extra-padding\u00bb column_padding_tablet=\u00bbinherit\u00bb column_padding_phone=\u00bbinherit\u00bb column_padding_position=\u00bball\u00bb background_color_opacity=\u00bb1&#8243; background_hover_color_opacity=\u00bb1&#8243; column_shadow=\u00bbnone\u00bb column_border_radius=\u00bbnone\u00bb column_link_target=\u00bb_self\u00bb gradient_direction=\u00bbleft_to_right\u00bb overlay_strength=\u00bb0.3&#8243; width=\u00bb1\/2&#8243; tablet_width_inherit=\u00bbdefault\u00bb column_border_width=\u00bbnone\u00bb column_border_style=\u00bbsolid\u00bb bg_image_animation=\u00bbnone\u00bb][nectar_cascading_images image_1_bg_color=\u00bb#3973d0&#8243; image_1_offset_x_sign=\u00bb+\u00bb image_1_offset_x=\u00bb0%\u00bb image_1_offset_y_sign=\u00bb+\u00bb image_1_offset_y=\u00bb0%\u00bb image_1_rotate_sign=\u00bb+\u00bb image_1_rotate=\u00bbnone\u00bb image_1_scale=\u00bb1&#8243; image_1_animation=\u00bbGrow In\u00bb image_1_box_shadow=\u00bbnone\u00bb image_1_padding=\u00bbauto\u00bb image_1_max_width_desktop=\u00bb100%\u00bb image_1_max_width_mobile=\u00bb100%\u00bb image_1_image_width_mobile=\u00bbdefault\u00bb image_2_url=\u00bb83074&#8243; image_2_offset_x_sign=\u00bb-\u00bb image_2_offset_x=\u00bb25%\u00bb image_2_offset_y_sign=\u00bb+\u00bb image_2_offset_y=\u00bb30%\u00bb image_2_rotate_sign=\u00bb+\u00bb image_2_rotate=\u00bbnone\u00bb image_2_scale=\u00bb1&#8243; image_2_animation=\u00bbGrow In\u00bb image_2_box_shadow=\u00bbnone\u00bb image_2_padding=\u00bbauto\u00bb image_2_max_width_desktop=\u00bb100%\u00bb image_2_max_width_mobile=\u00bb100%\u00bb image_2_image_width_mobile=\u00bbdefault\u00bb image_3_url=\u00bb83203&#8243; image_3_offset_x_sign=\u00bb+\u00bb image_3_offset_x=\u00bb15%\u00bb image_3_offset_y_sign=\u00bb-\u00bb image_3_offset_y=\u00bb30%\u00bb image_3_rotate_sign=\u00bb+\u00bb image_3_rotate=\u00bbnone\u00bb image_3_scale=\u00bb1&#8243; image_3_animation=\u00bbGrow In\u00bb image_3_box_shadow=\u00bbx_large_depth\u00bb image_3_padding=\u00bbauto\u00bb image_3_max_width_desktop=\u00bb100%\u00bb image_3_max_width_mobile=\u00bb100%\u00bb image_3_image_width_mobile=\u00bbdefault\u00bb image_4_offset_x_sign=\u00bb+\u00bb image_4_offset_x=\u00bb0%\u00bb image_4_offset_y_sign=\u00bb+\u00bb image_4_offset_y=\u00bb0%\u00bb image_4_rotate_sign=\u00bb+\u00bb image_4_rotate=\u00bbnone\u00bb image_4_scale=\u00bb1&#8243; image_4_animation=\u00bbFade In\u00bb image_4_box_shadow=\u00bbnone\u00bb image_4_padding=\u00bbauto\u00bb image_4_max_width_desktop=\u00bb100%\u00bb image_4_max_width_mobile=\u00bb100%\u00bb image_4_image_width_mobile=\u00bbdefault\u00bb border_radius=\u00bbnone\u00bb image_loading=\u00bbdefault\u00bb][\/vc_column_inner][vc_column_inner column_padding=\u00bbno-extra-padding\u00bb column_padding_tablet=\u00bbinherit\u00bb column_padding_phone=\u00bbinherit\u00bb column_padding_position=\u00bball\u00bb background_color_opacity=\u00bb1&#8243; background_hover_color_opacity=\u00bb1&#8243; column_shadow=\u00bbnone\u00bb column_border_radius=\u00bbnone\u00bb column_link_target=\u00bb_self\u00bb gradient_direction=\u00bbleft_to_right\u00bb overlay_strength=\u00bb0.3&#8243; width=\u00bb1\/2&#8243; tablet_width_inherit=\u00bbdefault\u00bb column_border_width=\u00bbnone\u00bb column_border_style=\u00bbsolid\u00bb bg_image_animation=\u00bbnone\u00bb][vc_custom_heading text=\u00bbCEPUDO comenz\u00f3 con el programa \u00abLa Mujer en el Desarrollo\u00ab\u00bb font_container=\u00bbtag:h5|text_align:left|color:%23969696&#8243; use_theme_fonts=\u00bbyes\u00bb css_animation=\u00bbfadeInUp\u00bb][split_line_heading animation_type=\u00bbdefault\u00bb]\n<h2><span style=\"font-weight: 400;\">El programa ten\u00eda el prop\u00f3sito<\/span><\/h2>\n<h2><span style=\"font-weight: 400;\">de ayudar a mujeres en barrios<\/span><\/h2>\n<h2><span style=\"font-weight: 400;\">en v\u00edas de desarrollo.<\/span><\/h2>\n[\/split_line_heading][vc_column_text]<span style=\"font-weight: 400;\">Se les ense\u00f1aba diferentes destrezas para poder mejorar sus ingresos econ\u00f3micos dentro del hogar sin tener que abandonar a sus hijos. Las clases se les daban en sus propios barrios para que ellas no tuvieran ning\u00fan inconveniente de tener que moverse a la ciudad, pagar transporte, y dejar a sus hijos solos. <\/span><\/p>\n<p><span style=\"font-weight: 400;\">Linda Coello, Fundadora de CEPUDO, junto con un grupo de amigas comenzaron a dar los cursos personalmente en los barrios. Despu\u00e9s fueron contratando instructoras que hab\u00edan aprendido previamente en sus barrios con el programa y fue ah\u00ed cuando \u00abLa Mujer en el Desarrollo\u00bb se fue haciendo m\u00e1s fuerte.\u00a0\u00a0<\/span>[\/vc_column_text][\/vc_column_inner][\/vc_row_inner][vc_row_inner equal_height=\u00bbyes\u00bb content_placement=\u00bbmiddle\u00bb column_margin=\u00bbdefault\u00bb column_direction=\u00bbdefault\u00bb column_direction_tablet=\u00bbdefault\u00bb column_direction_phone=\u00bbdefault\u00bb top_padding=\u00bb3%\u00bb text_align=\u00bbleft\u00bb][vc_column_inner column_padding=\u00bbno-extra-padding\u00bb column_padding_tablet=\u00bbinherit\u00bb column_padding_phone=\u00bbinherit\u00bb column_padding_position=\u00bball\u00bb background_color_opacity=\u00bb1&#8243; background_hover_color_opacity=\u00bb1&#8243; column_shadow=\u00bbnone\u00bb column_border_radius=\u00bbnone\u00bb column_link_target=\u00bb_self\u00bb gradient_direction=\u00bbleft_to_right\u00bb overlay_strength=\u00bb0.3&#8243; width=\u00bb1\/2&#8243; tablet_width_inherit=\u00bbdefault\u00bb column_border_width=\u00bbnone\u00bb column_border_style=\u00bbsolid\u00bb bg_image_animation=\u00bbnone\u00bb][vc_custom_heading text=\u00bbAlianza con FOOD FOR THE POOR\u00bb font_container=\u00bbtag:h5|text_align:left|color:%23969696&#8243; use_theme_fonts=\u00bbyes\u00bb css_animation=\u00bbfadeInUp\u00bb][split_line_heading animation_type=\u00bbdefault\u00bb]\n<h2><span style=\"font-weight: 400;\">Se comenz\u00f3\u00a0<\/span><span style=\"font-weight: 400;\">trabajando <\/span><\/h2>\n<h2><span style=\"font-weight: 400;\">con la distribuci\u00f3n<\/span><\/h2>\n<h2><span style=\"font-weight: 400;\">y construcci\u00f3n de letrinas.<\/span><\/h2>\n[\/split_line_heading][vc_column_text]<span style=\"font-weight: 400;\">Linda Coello conoci\u00f3 personalmente a Robin Mahfood de Food for the Poor, quien le anim\u00f3 a que se formara la organizaci\u00f3n al ver el potencial que ten\u00edan. La personer\u00eda jur\u00eddica de CEPUDO se estableci\u00f3 el 25 de septiembre de 2005. El proceso fue m\u00e1s r\u00e1pido de lo normal, acci\u00f3n que se tom\u00f3 como un llamado de Dios. Todo iba saliendo muy bien y CEPUDO era en realidad obra de \u00c9l.\u00a0\u00a0\u00a0\u00a0<\/span><\/p>\n<p><span style=\"font-weight: 400;\">El comienzo fue incierto. No estaban seguros si CEPUDO era lo que quer\u00edan, ya que implicaba un compromiso fuerte. Sin embargo, Linda Coello y su equipo sintieron que era un llamado de Dios y comenzaron con la organizaci\u00f3n. Gracias a Dios, CEPUDO ha crecido de una forma fuera de lo com\u00fan y fielmente se cree que todo esto es un proyecto de \u00c9l. Desde el primer momento, el lema de CEPUDO ha sido \u00abCaminando con Dios.\u00bb<\/span>[\/vc_column_text][\/vc_column_inner][vc_column_inner column_padding=\u00bbno-extra-padding\u00bb column_padding_tablet=\u00bbinherit\u00bb column_padding_phone=\u00bbinherit\u00bb column_padding_position=\u00bball\u00bb background_color_opacity=\u00bb1&#8243; background_hover_color_opacity=\u00bb1&#8243; column_shadow=\u00bbnone\u00bb column_border_radius=\u00bbnone\u00bb column_link_target=\u00bb_self\u00bb gradient_direction=\u00bbleft_to_right\u00bb overlay_strength=\u00bb0.3&#8243; width=\u00bb1\/2&#8243; tablet_width_inherit=\u00bbdefault\u00bb column_border_width=\u00bbnone\u00bb column_border_style=\u00bbsolid\u00bb bg_image_animation=\u00bbnone\u00bb][nectar_cascading_images image_1_bg_color=\u00bb#3973d0&#8243; image_1_offset_x_sign=\u00bb+\u00bb image_1_offset_x=\u00bb0%\u00bb image_1_offset_y_sign=\u00bb+\u00bb image_1_offset_y=\u00bb0%\u00bb image_1_rotate_sign=\u00bb+\u00bb image_1_rotate=\u00bbnone\u00bb image_1_scale=\u00bb1&#8243; image_1_animation=\u00bbGrow In\u00bb image_1_box_shadow=\u00bbnone\u00bb image_1_padding=\u00bbauto\u00bb image_1_max_width_desktop=\u00bb100%\u00bb image_1_max_width_mobile=\u00bb100%\u00bb image_1_image_width_mobile=\u00bbdefault\u00bb image_2_url=\u00bb83202&#8243; image_2_offset_x_sign=\u00bb-\u00bb image_2_offset_x=\u00bb25%\u00bb image_2_offset_y_sign=\u00bb+\u00bb image_2_offset_y=\u00bb50%\u00bb image_2_rotate_sign=\u00bb+\u00bb image_2_rotate=\u00bbnone\u00bb image_2_scale=\u00bb1&#8243; image_2_animation=\u00bbGrow In\u00bb image_2_box_shadow=\u00bbnone\u00bb image_2_padding=\u00bbauto\u00bb image_2_max_width_desktop=\u00bb100%\u00bb image_2_max_width_mobile=\u00bb100%\u00bb image_2_image_width_mobile=\u00bbdefault\u00bb image_3_url=\u00bb83073&#8243; image_3_offset_x_sign=\u00bb+\u00bb image_3_offset_x=\u00bb15%\u00bb image_3_offset_y_sign=\u00bb-\u00bb image_3_offset_y=\u00bb30%\u00bb image_3_rotate_sign=\u00bb+\u00bb image_3_rotate=\u00bbnone\u00bb image_3_scale=\u00bb1&#8243; image_3_animation=\u00bbGrow In\u00bb image_3_box_shadow=\u00bbx_large_depth\u00bb image_3_padding=\u00bbauto\u00bb image_3_max_width_desktop=\u00bb100%\u00bb image_3_max_width_mobile=\u00bb100%\u00bb image_3_image_width_mobile=\u00bbdefault\u00bb image_4_offset_x_sign=\u00bb+\u00bb image_4_offset_x=\u00bb0%\u00bb image_4_offset_y_sign=\u00bb+\u00bb image_4_offset_y=\u00bb0%\u00bb image_4_rotate_sign=\u00bb+\u00bb image_4_rotate=\u00bbnone\u00bb image_4_scale=\u00bb1&#8243; image_4_animation=\u00bbFade In\u00bb image_4_box_shadow=\u00bbnone\u00bb image_4_padding=\u00bbauto\u00bb image_4_max_width_desktop=\u00bb100%\u00bb image_4_max_width_mobile=\u00bb100%\u00bb image_4_image_width_mobile=\u00bbdefault\u00bb border_radius=\u00bbnone\u00bb image_loading=\u00bbdefault\u00bb][\/vc_column_inner][\/vc_row_inner][\/vc_column][\/vc_row][vc_row type=\u00bbfull_width_background\u00bb full_screen_row_position=\u00bbmiddle\u00bb column_margin=\u00bbdefault\u00bb column_direction=\u00bbdefault\u00bb column_direction_tablet=\u00bbdefault\u00bb column_direction_phone=\u00bbdefault\u00bb scene_position=\u00bbcenter\u00bb top_padding=\u00bb2%\u00bb bottom_padding=\u00bb9%\u00bb text_color=\u00bbdark\u00bb text_align=\u00bbleft\u00bb row_border_radius=\u00bbnone\u00bb row_border_radius_applies=\u00bbbg\u00bb overlay_strength=\u00bb0.3&#8243; gradient_direction=\u00bbleft_to_right\u00bb enable_shape_divider=\u00bbtrue\u00bb shape_divider_color=\u00bb#d10000&#8243; shape_divider_position=\u00bbbottom\u00bb bg_image_animation=\u00bbnone\u00bb shape_type=\u00bbstraight_section\u00bb][vc_column column_padding=\u00bbno-extra-padding\u00bb column_padding_tablet=\u00bbinherit\u00bb column_padding_phone=\u00bbinherit\u00bb column_padding_position=\u00bball\u00bb background_color_opacity=\u00bb1&#8243; background_hover_color_opacity=\u00bb1&#8243; column_shadow=\u00bbnone\u00bb column_border_radius=\u00bbnone\u00bb column_link_target=\u00bb_self\u00bb gradient_direction=\u00bbleft_to_right\u00bb overlay_strength=\u00bb0.3&#8243; width=\u00bb1\/4&#8243; tablet_width_inherit=\u00bbdefault\u00bb tablet_text_alignment=\u00bbdefault\u00bb phone_text_alignment=\u00bbdefault\u00bb column_border_width=\u00bbnone\u00bb column_border_style=\u00bbsolid\u00bb bg_image_animation=\u00bbnone\u00bb][\/vc_column][vc_column column_padding=\u00bbno-extra-padding\u00bb column_padding_tablet=\u00bbinherit\u00bb column_padding_phone=\u00bbinherit\u00bb column_padding_position=\u00bball\u00bb background_color_opacity=\u00bb1&#8243; background_hover_color_opacity=\u00bb1&#8243; column_shadow=\u00bbnone\u00bb column_border_radius=\u00bbnone\u00bb column_link_target=\u00bb_self\u00bb gradient_direction=\u00bbleft_to_right\u00bb overlay_strength=\u00bb0.3&#8243; width=\u00bb1\/2&#8243; tablet_width_inherit=\u00bbdefault\u00bb tablet_text_alignment=\u00bbdefault\u00bb phone_text_alignment=\u00bbdefault\u00bb column_border_width=\u00bbnone\u00bb column_border_style=\u00bbsolid\u00bb bg_image_animation=\u00bbnone\u00bb][nectar_highlighted_text color_type=\u00bbregular\u00bb highlight_color=\u00bb#84c318&#8243; text_color=\u00bb#383838&#8243; style=\u00bbregular_underline\u00bb underline_thickness=\u00bbdefault\u00bb]\n<h2 style=\"text-align: center;\">\u00ab<\/h2>\n<h2 style=\"text-align: center;\"><strong>El nombre CEPUDO fue inspirado por Dios, ya que brinda la fuerza de saber que no es algo que se va a tratar de hacer, sino algo que <em>ya se concret\u00f3<\/em>.<\/strong><\/h2>\n[\/nectar_highlighted_text][\/vc_column][vc_column column_padding=\u00bbno-extra-padding\u00bb column_padding_tablet=\u00bbinherit\u00bb column_padding_phone=\u00bbinherit\u00bb column_padding_position=\u00bball\u00bb background_color_opacity=\u00bb1&#8243; background_hover_color_opacity=\u00bb1&#8243; column_shadow=\u00bbnone\u00bb column_border_radius=\u00bbnone\u00bb column_link_target=\u00bb_self\u00bb gradient_direction=\u00bbleft_to_right\u00bb overlay_strength=\u00bb0.3&#8243; width=\u00bb1\/4&#8243; tablet_width_inherit=\u00bbdefault\u00bb tablet_text_alignment=\u00bbdefault\u00bb phone_text_alignment=\u00bbdefault\u00bb column_border_width=\u00bbnone\u00bb column_border_style=\u00bbsolid\u00bb bg_image_animation=\u00bbnone\u00bb][\/vc_column][\/vc_row][vc_row type=\u00bbfull_width_background\u00bb full_screen_row_position=\u00bbmiddle\u00bb column_margin=\u00bbdefault\u00bb equal_height=\u00bbyes\u00bb content_placement=\u00bbmiddle\u00bb column_direction=\u00bbdefault\u00bb column_direction_tablet=\u00bbdefault\u00bb column_direction_phone=\u00bbdefault\u00bb bg_color=\u00bb#d10000&#8243; scene_position=\u00bbcenter\u00bb top_padding=\u00bb80&#8243; bottom_padding=\u00bb80&#8243; text_color=\u00bblight\u00bb text_align=\u00bbleft\u00bb row_border_radius=\u00bbnone\u00bb row_border_radius_applies=\u00bbbg\u00bb overlay_strength=\u00bb0.3&#8243; gradient_direction=\u00bbleft_to_right\u00bb shape_divider_position=\u00bbbottom\u00bb bg_image_animation=\u00bbnone\u00bb shape_type=\u00bb\u00bb][vc_column column_padding=\u00bbpadding-5-percent\u00bb column_padding_tablet=\u00bbinherit\u00bb column_padding_phone=\u00bbinherit\u00bb column_padding_position=\u00bbleft-right\u00bb background_color_opacity=\u00bb1&#8243; background_hover_color_opacity=\u00bb1&#8243; column_shadow=\u00bbnone\u00bb column_border_radius=\u00bbnone\u00bb column_link_target=\u00bb_self\u00bb gradient_direction=\u00bbleft_to_right\u00bb overlay_strength=\u00bb0.3&#8243; width=\u00bb1\/2&#8243; tablet_width_inherit=\u00bbdefault\u00bb tablet_text_alignment=\u00bbcenter\u00bb phone_text_alignment=\u00bbcenter\u00bb column_border_width=\u00bbnone\u00bb column_border_style=\u00bbsolid\u00bb bg_image_animation=\u00bbnone\u00bb][nectar_highlighted_text color_type=\u00bbregular\u00bb highlight_color=\u00bb#84c318&#8243; text_color=\u00bb#ffffff\u00bb style=\u00bbhalf_text\u00bb]\n<h2>\u00bfQuieres aprender<\/h2>\n<h2>c\u00f3mo puedes ayudar?<\/h2>\n[\/nectar_highlighted_text][\/vc_column][vc_column column_padding=\u00bbno-extra-padding\u00bb column_padding_tablet=\u00bbinherit\u00bb column_padding_phone=\u00bbinherit\u00bb column_padding_position=\u00bball\u00bb background_color_opacity=\u00bb1&#8243; background_hover_color_opacity=\u00bb1&#8243; column_shadow=\u00bbnone\u00bb column_border_radius=\u00bbnone\u00bb column_link_target=\u00bb_self\u00bb gradient_direction=\u00bbleft_to_right\u00bb overlay_strength=\u00bb0.3&#8243; width=\u00bb1\/2&#8243; tablet_width_inherit=\u00bbdefault\u00bb tablet_text_alignment=\u00bbcenter\u00bb phone_text_alignment=\u00bbcenter\u00bb column_border_width=\u00bbnone\u00bb column_border_style=\u00bbsolid\u00bb bg_image_animation=\u00bbnone\u00bb][vc_row_inner column_margin=\u00bbdefault\u00bb column_direction=\u00bbdefault\u00bb column_direction_tablet=\u00bbdefault\u00bb column_direction_phone=\u00bbdefault\u00bb text_align=\u00bbright\u00bb][vc_column_inner column_padding=\u00bbno-extra-padding\u00bb column_padding_tablet=\u00bbinherit\u00bb column_padding_phone=\u00bbinherit\u00bb column_padding_position=\u00bball\u00bb background_color_opacity=\u00bb1&#8243; background_hover_color_opacity=\u00bb1&#8243; column_shadow=\u00bbnone\u00bb column_border_radius=\u00bbnone\u00bb column_link_target=\u00bb_self\u00bb gradient_direction=\u00bbleft_to_right\u00bb overlay_strength=\u00bb0.3&#8243; width=\u00bb1\/1&#8243; tablet_width_inherit=\u00bbdefault\u00bb column_border_width=\u00bbnone\u00bb column_border_style=\u00bbsolid\u00bb bg_image_animation=\u00bbnone\u00bb][nectar_btn size=\u00bbjumbo\u00bb button_style=\u00bbsee-through-2&#8243; color_override=\u00bb#ffffff\u00bb hover_color_override=\u00bb#ffffff\u00bb hover_text_color_override=\u00bb#000000&#8243; icon_family=\u00bbnone\u00bb url=\u00bbhttp:\/\/cepudohonduras.org\/index.php\/programas-2\/\u00bb text=\u00bbExplora Nuestros Programas\u00bb][\/vc_column_inner][\/vc_row_inner][\/vc_column][\/vc_row]\n","protected":false},"excerpt":{"rendered":"<p>[vc_row type=\u00bbfull_width_background\u00bb full_screen_row_position=\u00bbmiddle\u00bb column_margin=\u00bbdefault\u00bb column_direction=\u00bbdefault\u00bb column_direction_tablet=\u00bbdefault\u00bb column_direction_phone=\u00bbdefault\u00bb bg_color=\u00bb#ffffff\u00bb scene_position=\u00bbcenter\u00bb top_padding=\u00bb1%\u00bb bottom_padding=\u00bb3%\u00bb text_color=\u00bblight\u00bb text_align=\u00bbleft\u00bb row_border_radius=\u00bbnone\u00bb row_border_radius_applies=\u00bbbg\u00bb id=\u00bbhome\u00bb overlay_strength=\u00bb1&#8243; gradient_direction=\u00bbleft_to_right\u00bb enable_shape_divider=\u00bbtrue\u00bb shape_divider_color=\u00bb#fcfdff\u00bb shape_divider_position=\u00bbbottom\u00bb bg_image_animation=\u00bbnone\u00bb parallax_bg=\u00bbtrue\u00bb parallax_bg_speed=\u00bbfast\u00bb shape_type=\u00bbcurve_asym\u00bb][vc_column column_padding=\u00bbpadding-7-percent\u00bb column_padding_tablet=\u00bbinherit\u00bb column_padding_phone=\u00bbinherit\u00bb column_padding_position=\u00bbleft-right\u00bb background_color_opacity=\u00bb1&#8243;&#8230;<\/p>\n","protected":false},"author":2,"featured_media":0,"parent":0,"menu_order":0,"comment_status":"closed","ping_status":"closed","template":"","meta":[],"_links":{"self":[{"href":"http:\/\/cepudohonduras.org\/index.php\/wp-json\/wp\/v2\/pages\/82964"}],"collection":[{"href":"http:\/\/cepudohonduras.org\/index.php\/wp-json\/wp\/v2\/pages"}],"about":[{"href":"http:\/\/cepudohonduras.org\/index.php\/wp-json\/wp\/v2\/types\/page"}],"author":[{"embeddable":true,"href":"http:\/\/cepudohonduras.org\/index.php\/wp-json\/wp\/v2\/users\/2"}],"replies":[{"embeddable":true,"href":"http:\/\/cepudohonduras.org\/index.php\/wp-json\/wp\/v2\/comments?post=82964"}],"version-history":[{"count":104,"href":"http:\/\/cepudohonduras.org\/index.php\/wp-json\/wp\/v2\/pages\/82964\/revisions"}],"predecessor-version":[{"id":87033,"href":"http:\/\/cepudohonduras.org\/index.php\/wp-json\/wp\/v2\/pages\/82964\/revisions\/87033"}],"wp:attachment":[{"href":"http:\/\/cepudohonduras.org\/index.php\/wp-json\/wp\/v2\/media?parent=82964"}],"curies":[{"name":"wp","href":"https:\/\/api.w.org\/{rel}","templated":true}]}}