{"id":2692,"date":"2018-02-07T16:57:15","date_gmt":"2018-02-07T16:57:15","guid":{"rendered":"http:\/\/cepudohonduras.org\/?page_id=2692"},"modified":"2019-05-09T19:32:59","modified_gmt":"2019-05-09T19:32:59","slug":"quienes-somos","status":"publish","type":"page","link":"http:\/\/cepudohonduras.org\/index.php\/quienes-somos\/","title":{"rendered":"Quienes Somos"},"content":{"rendered":"<p><a href=\"http:\/\/cepudohonduras.org\/wp-content\/uploads\/2018\/08\/CEPUDO.png\"><img loading=\"lazy\" src=\"http:\/\/cepudohonduras.org\/wp-content\/uploads\/2018\/08\/CEPUDO-300x300.png\" alt=\"\" width=\"201\" height=\"201\" class=\" wp-image-3953 aligncenter\" srcset=\"http:\/\/cepudohonduras.org\/wp-content\/uploads\/2018\/08\/CEPUDO-300x300.png 300w, http:\/\/cepudohonduras.org\/wp-content\/uploads\/2018\/08\/CEPUDO-150x150.png 150w, http:\/\/cepudohonduras.org\/wp-content\/uploads\/2018\/08\/CEPUDO.png 480w\" sizes=\"(max-width: 201px) 100vw, 201px\" \/><\/a><\/p>\n<p style=\"text-align: center;\"><span>CEPUDO es una organizaci\u00f3n no gubernamental que tiene como objetivo servir a la comunidad m\u00e1s pobre de Honduras.<\/span><\/p>\n<p style=\"text-align: center;\">CEPUDO empez\u00f3 como una peque\u00f1a organizaci\u00f3n tratando de ayudar a las madres solteras o viudas a tener un ingreso desde sus propias casas pudiendo siempre cuidar a sus hijos.<\/p>\n<p><a href=\"http:\/\/cepudohonduras.org\/wp-content\/uploads\/2018\/09\/35266274_783217358554104_2056019291479736320_n-2.jpg\"><img loading=\"lazy\" src=\"http:\/\/cepudohonduras.org\/wp-content\/uploads\/2018\/09\/35266274_783217358554104_2056019291479736320_n-2-300x169.jpg\" alt=\"\" width=\"330\" height=\"186\" class=\" wp-image-4144 aligncenter\" srcset=\"http:\/\/cepudohonduras.org\/wp-content\/uploads\/2018\/09\/35266274_783217358554104_2056019291479736320_n-2-300x169.jpg 300w, http:\/\/cepudohonduras.org\/wp-content\/uploads\/2018\/09\/35266274_783217358554104_2056019291479736320_n-2.jpg 469w\" sizes=\"(max-width: 330px) 100vw, 330px\" \/><\/a><\/p>\n<p style=\"text-align: center;\"><strong>Visi\u00f3n<\/strong><\/p>\n<p>Ser un instrumento de Dios para mejorar la calidad de vida de los <span>m\u00e1s<\/span> pobres, brindando una esperanza para renovar su esp\u00edritu.<\/p>\n<p style=\"text-align: center;\"><strong>Misi\u00f3n <\/strong><\/p>\n<p style=\"text-align: left;\"><span>Establecer comunidades desarrolladas\u00a0integralmente para superar las condiciones de extrema pobreza, fortaleciendo un esp\u00edritu de solidaridad y auto-sostenibilidad; mediante entrega en donaci\u00f3n de bienes materiales, desarrollo de proyectos productivos, capacitaciones y asistencia\u00a0t\u00e9cnica.\u00a0<\/span><\/p>\n<p><a href=\"http:\/\/cepudohonduras.org\/wp-content\/uploads\/2018\/09\/32454877_768176000058240_8711234875144798208_n-2.jpg\"><img loading=\"lazy\" src=\"http:\/\/cepudohonduras.org\/wp-content\/uploads\/2018\/09\/32454877_768176000058240_8711234875144798208_n-2-300x225.jpg\" alt=\"\" width=\"300\" height=\"225\" class=\"size-medium wp-image-4145 aligncenter\" srcset=\"http:\/\/cepudohonduras.org\/wp-content\/uploads\/2018\/09\/32454877_768176000058240_8711234875144798208_n-2-300x225.jpg 300w, http:\/\/cepudohonduras.org\/wp-content\/uploads\/2018\/09\/32454877_768176000058240_8711234875144798208_n-2.jpg 469w\" sizes=\"(max-width: 300px) 100vw, 300px\" \/><\/a><\/p>\n<p style=\"text-align: center;\"><strong>Cap\u00edtulos<\/strong><\/p>\n<p style=\"text-align: left;\">Actualmente contamos con los siguientes cap\u00edtulos en el pa\u00eds:<\/p>\n<ul>\n<li>Comayagua<\/li>\n<li>La Campa<\/li>\n<li>La Entrada<\/li>\n<li>Lempira<\/li>\n<li><a href=\"http:\/\/cepudohonduras.org\/index.php\/capitulo-omoa-cortes\/\">Omoa<\/a><\/li>\n<li>Pe\u00f1a Blanca<\/li>\n<li>Puerto Cort\u00e9s<\/li>\n<li>San Lorenzo<\/li>\n<li><a href=\"http:\/\/cepudohonduras.org\/index.php\/capitulo-san-pedro-sula\/\">San Pedro Sula<\/a><\/li>\n<li>Santa Barbara<\/li>\n<li>Siguatepeque<\/li>\n<li>Tegucigalpa<\/li>\n<li>Tela<\/li>\n<\/ul>\n","protected":false},"excerpt":{"rendered":"<p>CEPUDO es una organizaci\u00f3n no gubernamental que tiene como objetivo servir a la comunidad m\u00e1s pobre de Honduras. CEPUDO empez\u00f3 como una peque\u00f1a organizaci\u00f3n tratando de ayudar a las madres&#8230;<\/p>\n","protected":false},"author":2,"featured_media":0,"parent":0,"menu_order":0,"comment_status":"closed","ping_status":"closed","template":"page-templates\/template-fullwidth.php","meta":[],"_links":{"self":[{"href":"http:\/\/cepudohonduras.org\/index.php\/wp-json\/wp\/v2\/pages\/2692"}],"collection":[{"href":"http:\/\/cepudohonduras.org\/index.php\/wp-json\/wp\/v2\/pages"}],"about":[{"href":"http:\/\/cepudohonduras.org\/index.php\/wp-json\/wp\/v2\/types\/page"}],"author":[{"embeddable":true,"href":"http:\/\/cepudohonduras.org\/index.php\/wp-json\/wp\/v2\/users\/2"}],"replies":[{"embeddable":true,"href":"http:\/\/cepudohonduras.org\/index.php\/wp-json\/wp\/v2\/comments?post=2692"}],"version-history":[{"count":15,"href":"http:\/\/cepudohonduras.org\/index.php\/wp-json\/wp\/v2\/pages\/2692\/revisions"}],"predecessor-version":[{"id":3981,"href":"http:\/\/cepudohonduras.org\/index.php\/wp-json\/wp\/v2\/pages\/2692\/revisions\/3981"}],"wp:attachment":[{"href":"http:\/\/cepudohonduras.org\/index.php\/wp-json\/wp\/v2\/media?parent=2692"}],"curies":[{"name":"wp","href":"https:\/\/api.w.org\/{rel}","templated":true}]}}