{"id":221,"date":"2016-02-03T17:38:40","date_gmt":"2016-02-03T17:38:40","guid":{"rendered":"http:\/\/cepudohonduras.org\/?page_id=221"},"modified":"2018-09-04T20:09:58","modified_gmt":"2018-09-04T20:09:58","slug":"capitulo-san-pedro-sula","status":"publish","type":"page","link":"http:\/\/cepudohonduras.org\/index.php\/capitulo-san-pedro-sula\/","title":{"rendered":"Cap\u00edtulo San Pedro Sula"},"content":{"rendered":"<h3 style=\"text-align: center;\"><strong><span style=\"text-decoration: underline;\"><span style=\"color: #ff0000;\">Cap\u00edtulo San Pedro Sula,\u00a0Cort\u00e9s<\/span><\/span><\/strong><\/h3>\n<p style=\"padding-left: 60px;\">Es dif\u00edcil llamarnos Cap\u00edtulo San Pedro Sula, pues en realidad servimos a todos aquellos sectores donde hasta el momento no tenemos cap\u00edtulos, pero si instituciones de nuestra entera confianza que nos ayudan en la distribuci\u00f3n de las donaciones y en la realizaci\u00f3n de los dem\u00e1s programas en el resto del pa\u00eds.<\/p>\n<p style=\"padding-left: 90px;\"><a href=\"http:\/\/cepudohonduras.org\/wp-content\/uploads\/2016\/02\/IMG-20150603-WA0027.jpg\" rel=\"attachment wp-att-222\"><img loading=\"lazy\" class=\" wp-image-222 aligncenter\" src=\"http:\/\/cepudohonduras.org\/wp-content\/uploads\/2016\/02\/IMG-20150603-WA0027-300x169.jpg\" alt=\"IMG-20150603-WA0027\" width=\"376\" height=\"212\" srcset=\"http:\/\/cepudohonduras.org\/wp-content\/uploads\/2016\/02\/IMG-20150603-WA0027-300x169.jpg 300w, http:\/\/cepudohonduras.org\/wp-content\/uploads\/2016\/02\/IMG-20150603-WA0027-768x432.jpg 768w, http:\/\/cepudohonduras.org\/wp-content\/uploads\/2016\/02\/IMG-20150603-WA0027-1024x576.jpg 1024w, http:\/\/cepudohonduras.org\/wp-content\/uploads\/2016\/02\/IMG-20150603-WA0027.jpg 1280w\" sizes=\"(max-width: 376px) 100vw, 376px\" \/><\/a><\/p>\n<p style=\"padding-left: 60px;\">Nosotros, siendo la sede principal de CEPUDO y donde se realiza todo lo que es la parte administrativa y enlace directo con Food For The Poor, ICDF gobierno Taiw\u00e1n, Well Springs of Life, Funazucar, y otras alianzas, tenemos ya gracias a DIOS y la Divina Providencia de contar con oficinas propias. Para nosotros, tanto la parte administrativa, bodega, instructoras, voluntarios, como el personal de campo, consideramos que CEPUDO es nuestra \u00ab\u00a1Gran Familia!\u00bb.\u00a0<a href=\"http:\/\/cepudohonduras.org\/wp-content\/uploads\/2016\/02\/x.jpg\" rel=\"attachment wp-att-83\"><img loading=\"lazy\" class=\"size-medium wp-image-83 aligncenter\" src=\"http:\/\/cepudohonduras.org\/wp-content\/uploads\/2016\/02\/x-300x225.jpg\" alt=\"x\" width=\"300\" height=\"225\" srcset=\"http:\/\/cepudohonduras.org\/wp-content\/uploads\/2016\/02\/x-300x225.jpg 300w, http:\/\/cepudohonduras.org\/wp-content\/uploads\/2016\/02\/x.jpg 640w\" sizes=\"(max-width: 300px) 100vw, 300px\" \/><\/a><\/p>\n<p style=\"padding-left: 60px;\">Como todos, hemos tenido altos y bajos, pero siempre estamos all\u00ed, empujando la carreta. No importa el sacrificio, ya que sabemos que lo que estamos haciendo no tiene precio pero si un valor enorme para todo aquel que en un momento de necesidad acude a nosotros en espera de que digamos CEPUDO&#8230;.<\/p>\n<p style=\"text-align: center;\"><a href=\"http:\/\/cepudohonduras.org\/index.php\/quienes-somos\/\">Volver<\/a><\/p>\n","protected":false},"excerpt":{"rendered":"<p>Cap\u00edtulo San Pedro Sula,\u00a0Cort\u00e9s Es dif\u00edcil llamarnos Cap\u00edtulo San Pedro Sula, pues en realidad servimos a todos aquellos sectores donde hasta el momento no tenemos cap\u00edtulos, pero si instituciones de&#8230;<\/p>\n","protected":false},"author":2,"featured_media":0,"parent":0,"menu_order":0,"comment_status":"closed","ping_status":"closed","template":"page-templates\/template-fullwidth.php","meta":[],"_links":{"self":[{"href":"http:\/\/cepudohonduras.org\/index.php\/wp-json\/wp\/v2\/pages\/221"}],"collection":[{"href":"http:\/\/cepudohonduras.org\/index.php\/wp-json\/wp\/v2\/pages"}],"about":[{"href":"http:\/\/cepudohonduras.org\/index.php\/wp-json\/wp\/v2\/types\/page"}],"author":[{"embeddable":true,"href":"http:\/\/cepudohonduras.org\/index.php\/wp-json\/wp\/v2\/users\/2"}],"replies":[{"embeddable":true,"href":"http:\/\/cepudohonduras.org\/index.php\/wp-json\/wp\/v2\/comments?post=221"}],"version-history":[{"count":10,"href":"http:\/\/cepudohonduras.org\/index.php\/wp-json\/wp\/v2\/pages\/221\/revisions"}],"predecessor-version":[{"id":4045,"href":"http:\/\/cepudohonduras.org\/index.php\/wp-json\/wp\/v2\/pages\/221\/revisions\/4045"}],"wp:attachment":[{"href":"http:\/\/cepudohonduras.org\/index.php\/wp-json\/wp\/v2\/media?parent=221"}],"curies":[{"name":"wp","href":"https:\/\/api.w.org\/{rel}","templated":true}]}}